{"id":174,"date":"2025-12-22T08:21:24","date_gmt":"2025-12-22T08:21:24","guid":{"rendered":"https:\/\/decoracionesmoon.com\/?page_id=174"},"modified":"2026-02-19T12:50:06","modified_gmt":"2026-02-19T12:50:06","slug":"sobre-nosotros","status":"publish","type":"page","link":"https:\/\/decoracionesmoon.com\/index.php\/sobre-nosotros\/","title":{"rendered":"Sobre nosotros"},"content":{"rendered":"\t\t<div data-elementor-type=\"wp-page\" data-elementor-id=\"174\" class=\"elementor elementor-174\" data-elementor-post-type=\"page\">\n\t\t\t\t<div class=\"elementor-element elementor-element-1a98008 e-flex e-con-boxed e-con e-parent\" data-id=\"1a98008\" data-element_type=\"container\" data-settings=\"{&quot;background_background&quot;:&quot;classic&quot;}\">\n\t\t\t\t\t<div class=\"e-con-inner\">\n\t\t<div class=\"elementor-element elementor-element-39d0f53 e-con-full e-flex e-con e-child\" data-id=\"39d0f53\" data-element_type=\"container\">\n\t\t<div class=\"elementor-element elementor-element-82782ca e-con-full e-flex e-con e-child\" data-id=\"82782ca\" data-element_type=\"container\">\n\t\t\t\t<div class=\"elementor-element elementor-element-2024a38 elementor-invisible elementor-widget elementor-widget-heading\" data-id=\"2024a38\" data-element_type=\"widget\" data-settings=\"{&quot;_animation&quot;:&quot;fadeInUp&quot;}\" data-widget_type=\"heading.default\">\n\t\t\t\t\t<h1 class=\"elementor-heading-title elementor-size-default\">SOBRE NOSOTROS<\/h1>\t\t\t\t<\/div>\n\t\t\t\t<\/div>\n\t\t\t\t<\/div>\n\t\t\t\t\t<\/div>\n\t\t\t\t<\/div>\n\t\t<div class=\"elementor-element elementor-element-3c01bff e-flex e-con-boxed e-con e-parent\" data-id=\"3c01bff\" data-element_type=\"container\">\n\t\t\t\t\t<div class=\"e-con-inner\">\n\t\t<div class=\"elementor-element elementor-element-06e5a08 e-con-full e-flex e-con e-child\" data-id=\"06e5a08\" data-element_type=\"container\">\n\t\t<div class=\"elementor-element elementor-element-5aff1f6 e-con-full e-flex e-con e-child\" data-id=\"5aff1f6\" data-element_type=\"container\">\n\t\t<div class=\"elementor-element elementor-element-3343041 e-con-full e-flex elementor-invisible e-con e-child\" data-id=\"3343041\" data-element_type=\"container\" data-settings=\"{&quot;background_background&quot;:&quot;classic&quot;,&quot;animation&quot;:&quot;fadeInUp&quot;}\">\n\t\t\t\t<div class=\"elementor-element elementor-element-336562b elementor-widget elementor-widget-text-editor\" data-id=\"336562b\" data-element_type=\"widget\" data-widget_type=\"text-editor.default\">\n\t\t\t\t\t\t\t\t\t<p class=\"p1\">En <strong data-start=\"318\" data-end=\"339\">Decoraciones Moon<\/strong> creemos que tu hogar es mucho m\u00e1s que un espacio: es el lugar donde descansas, compartes y vives tu d\u00eda a d\u00eda. Por eso seleccionamos muebles, colchones y piezas de decoraci\u00f3n pensadas para acompa\u00f1arte durante muchos a\u00f1os.<\/p><p>\u00a0<\/p>\t\t\t\t\t\t\t\t<\/div>\n\t\t\t\t<div class=\"elementor-element elementor-element-70ecee0 elementor-mobile-align-justify elementor-align-left animated-slow elementor-invisible elementor-widget elementor-widget-button\" data-id=\"70ecee0\" data-element_type=\"widget\" data-settings=\"{&quot;_animation&quot;:&quot;fadeIn&quot;}\" data-widget_type=\"button.default\">\n\t\t\t\t\t\t\t\t\t\t<a class=\"elementor-button elementor-button-link elementor-size-sm\" href=\"https:\/\/decoracionesmoon.com\/index.php\/contacto\/\">\n\t\t\t\t\t\t<span class=\"elementor-button-content-wrapper\">\n\t\t\t\t\t\t\t\t\t<span class=\"elementor-button-text\">Con\u00f3cenos<\/span>\n\t\t\t\t\t<\/span>\n\t\t\t\t\t<\/a>\n\t\t\t\t\t\t\t\t<\/div>\n\t\t\t\t<\/div>\n\t\t<div class=\"elementor-element elementor-element-b627c30 e-con-full e-flex e-con e-child\" data-id=\"b627c30\" data-element_type=\"container\">\n\t\t\t\t<div class=\"elementor-element elementor-element-b9bf66f elementor-invisible elementor-widget elementor-widget-image\" data-id=\"b9bf66f\" data-element_type=\"widget\" data-settings=\"{&quot;_animation&quot;:&quot;fadeInUp&quot;,&quot;_animation_delay&quot;:200}\" data-widget_type=\"image.default\">\n\t\t\t\t\t\t\t\t\t\t\t\t\t\t\t<img fetchpriority=\"high\" decoding=\"async\" width=\"2560\" height=\"1707\" src=\"https:\/\/decoracionesmoon.com\/wp-content\/uploads\/2025\/12\/DMoon-62-scaled.jpg\" class=\"attachment-full size-full wp-image-92\" alt=\"\" srcset=\"https:\/\/decoracionesmoon.com\/wp-content\/uploads\/2025\/12\/DMoon-62-scaled.jpg 2560w, https:\/\/decoracionesmoon.com\/wp-content\/uploads\/2025\/12\/DMoon-62-300x200.jpg 300w, https:\/\/decoracionesmoon.com\/wp-content\/uploads\/2025\/12\/DMoon-62-1024x683.jpg 1024w, https:\/\/decoracionesmoon.com\/wp-content\/uploads\/2025\/12\/DMoon-62-768x512.jpg 768w, https:\/\/decoracionesmoon.com\/wp-content\/uploads\/2025\/12\/DMoon-62-1536x1024.jpg 1536w, https:\/\/decoracionesmoon.com\/wp-content\/uploads\/2025\/12\/DMoon-62-2048x1365.jpg 2048w\" sizes=\"(max-width: 2560px) 100vw, 2560px\" \/>\t\t\t\t\t\t\t\t\t\t\t\t\t\t\t<\/div>\n\t\t\t\t<\/div>\n\t\t\t\t<\/div>\n\t\t\t\t<\/div>\n\t\t\t\t\t<\/div>\n\t\t\t\t<\/div>\n\t\t<div class=\"elementor-element elementor-element-a91d5f5 e-con-full e-flex e-con e-parent\" data-id=\"a91d5f5\" data-element_type=\"container\">\n\t\t<div class=\"elementor-element elementor-element-b5ea88b e-con-full e-flex e-con e-child\" data-id=\"b5ea88b\" data-element_type=\"container\">\n\t\t<div class=\"elementor-element elementor-element-447ebad e-con-full e-flex elementor-invisible e-con e-child\" data-id=\"447ebad\" data-element_type=\"container\" data-settings=\"{&quot;background_background&quot;:&quot;classic&quot;,&quot;animation&quot;:&quot;fadeInUp&quot;}\">\n\t\t\t\t<div class=\"elementor-element elementor-element-53bc834 elementor-widget elementor-widget-heading\" data-id=\"53bc834\" data-element_type=\"widget\" data-widget_type=\"heading.default\">\n\t\t\t\t\t<h3 class=\"elementor-heading-title elementor-size-default\">Qui\u00e9nes somos<\/h3>\t\t\t\t<\/div>\n\t\t\t\t<div class=\"elementor-element elementor-element-ec675bf elementor-widget elementor-widget-text-editor\" data-id=\"ec675bf\" data-element_type=\"widget\" data-widget_type=\"text-editor.default\">\n\t\t\t\t\t\t\t\t\t<p data-start=\"589\" data-end=\"780\">Somos una tienda especializada en <strong data-start=\"623\" data-end=\"660\">mobiliario, descanso y decoraci\u00f3n<\/strong>, creada con una idea muy clara:<br data-start=\"692\" data-end=\"695\" \/>ofrecer productos de calidad, con buen dise\u00f1o y precios honestos, sin complicaciones.<\/p><p data-start=\"782\" data-end=\"960\">Detr\u00e1s de Decoraciones Moon hay un equipo que disfruta asesorando, escuchando y ayudando a cada cliente a encontrar aquello que realmente encaja con su hogar y su estilo de vida.<\/p>\t\t\t\t\t\t\t\t<\/div>\n\t\t\t\t<\/div>\n\t\t<div class=\"elementor-element elementor-element-3e2c150 e-con-full e-flex elementor-invisible e-con e-child\" data-id=\"3e2c150\" data-element_type=\"container\" data-settings=\"{&quot;background_background&quot;:&quot;classic&quot;,&quot;animation&quot;:&quot;fadeInUp&quot;}\">\n\t\t\t\t<div class=\"elementor-element elementor-element-47aba92 elementor-widget elementor-widget-heading\" data-id=\"47aba92\" data-element_type=\"widget\" data-widget_type=\"heading.default\">\n\t\t\t\t\t<h3 class=\"elementor-heading-title elementor-size-default\">Qu\u00e9 hacemos<\/h3>\t\t\t\t<\/div>\n\t\t\t\t<div class=\"elementor-element elementor-element-9f0517c elementor-widget elementor-widget-text-editor\" data-id=\"9f0517c\" data-element_type=\"widget\" data-widget_type=\"text-editor.default\">\n\t\t\t\t\t\t\t\t\t<p data-start=\"986\" data-end=\"1041\">En nuestra tienda encontrar\u00e1s una selecci\u00f3n cuidada de:<\/p><ul data-start=\"1043\" data-end=\"1263\"><li data-start=\"1043\" data-end=\"1103\"><p data-start=\"1045\" data-end=\"1103\"><strong data-start=\"1049\" data-end=\"1060\">Muebles<\/strong> para sal\u00f3n, dormitorio y otras estancias<\/p><\/li><li data-start=\"1104\" data-end=\"1179\"><p data-start=\"1106\" data-end=\"1179\"><strong data-start=\"1110\" data-end=\"1146\">Colchones y sistemas de descanso<\/strong> pensados para un descanso real<\/p><\/li><li data-start=\"1180\" data-end=\"1263\"><p data-start=\"1182\" data-end=\"1263\"><strong data-start=\"1186\" data-end=\"1200\">Decoraci\u00f3n<\/strong> que aporta personalidad, calidez y equilibrio a cada espacio<\/p><\/li><\/ul><p data-start=\"1265\" data-end=\"1377\">Trabajamos con proveedores de confianza y apostamos por productos funcionales, duraderos y con dise\u00f1o atemporal.<\/p>\t\t\t\t\t\t\t\t<\/div>\n\t\t\t\t<\/div>\n\t\t<div class=\"elementor-element elementor-element-c3f1cc3 e-con-full e-flex elementor-invisible e-con e-child\" data-id=\"c3f1cc3\" data-element_type=\"container\" data-settings=\"{&quot;background_background&quot;:&quot;classic&quot;,&quot;animation&quot;:&quot;fadeInUp&quot;}\">\n\t\t\t\t<div class=\"elementor-element elementor-element-ab5f29e elementor-widget elementor-widget-heading\" data-id=\"ab5f29e\" data-element_type=\"widget\" data-widget_type=\"heading.default\">\n\t\t\t\t\t<h3 class=\"elementor-heading-title elementor-size-default\">Nuestra forma de trabajar<\/h3>\t\t\t\t<\/div>\n\t\t\t\t<div class=\"elementor-element elementor-element-d1ff5f7 elementor-widget elementor-widget-text-editor\" data-id=\"d1ff5f7\" data-element_type=\"widget\" data-widget_type=\"text-editor.default\">\n\t\t\t\t\t\t\t\t\t<p data-start=\"1417\" data-end=\"1487\">Nos gusta hacerlo f\u00e1cil.<br data-start=\"1441\" data-end=\"1444\" \/>Por eso en Decoraciones Moon apostamos por:<\/p><ul data-start=\"1489\" data-end=\"1692\"><li data-start=\"1489\" data-end=\"1522\"><p data-start=\"1491\" data-end=\"1522\">Trato cercano y personalizado<\/p><\/li><li data-start=\"1523\" data-end=\"1573\"><p data-start=\"1525\" data-end=\"1573\">Asesoramiento honesto, sin prisas ni presiones<\/p><\/li><li data-start=\"1574\" data-end=\"1627\"><p data-start=\"1576\" data-end=\"1627\">Soluciones adaptadas a cada espacio y presupuesto<\/p><\/li><li data-start=\"1628\" data-end=\"1692\"><p data-start=\"1630\" data-end=\"1692\">Cuidado por los detalles, desde la elecci\u00f3n hasta la entrega<\/p><\/li><\/ul>\t\t\t\t\t\t\t\t<\/div>\n\t\t\t\t<\/div>\n\t\t\t\t<\/div>\n\t\t\t\t<\/div>\n\t\t\t\t<\/div>\n\t\t","protected":false},"excerpt":{"rendered":"<p>SOBRE NOSOTROS En Decoraciones Moon creemos que tu hogar es mucho m\u00e1s que un espacio: es el lugar donde descansas, compartes y vives tu d\u00eda a d\u00eda. Por eso seleccionamos muebles, colchones y piezas de decoraci\u00f3n pensadas para acompa\u00f1arte durante muchos a\u00f1os. \u00a0 Con\u00f3cenos Qui\u00e9nes somos Somos una tienda especializada en mobiliario, descanso y decoraci\u00f3n, [&hellip;]<\/p>\n","protected":false},"author":1,"featured_media":0,"parent":0,"menu_order":0,"comment_status":"closed","ping_status":"closed","template":"","meta":{"footnotes":""},"class_list":["post-174","page","type-page","status-publish","hentry"],"_links":{"self":[{"href":"https:\/\/decoracionesmoon.com\/index.php\/wp-json\/wp\/v2\/pages\/174","targetHints":{"allow":["GET"]}}],"collection":[{"href":"https:\/\/decoracionesmoon.com\/index.php\/wp-json\/wp\/v2\/pages"}],"about":[{"href":"https:\/\/decoracionesmoon.com\/index.php\/wp-json\/wp\/v2\/types\/page"}],"author":[{"embeddable":true,"href":"https:\/\/decoracionesmoon.com\/index.php\/wp-json\/wp\/v2\/users\/1"}],"replies":[{"embeddable":true,"href":"https:\/\/decoracionesmoon.com\/index.php\/wp-json\/wp\/v2\/comments?post=174"}],"version-history":[{"count":10,"href":"https:\/\/decoracionesmoon.com\/index.php\/wp-json\/wp\/v2\/pages\/174\/revisions"}],"predecessor-version":[{"id":261,"href":"https:\/\/decoracionesmoon.com\/index.php\/wp-json\/wp\/v2\/pages\/174\/revisions\/261"}],"wp:attachment":[{"href":"https:\/\/decoracionesmoon.com\/index.php\/wp-json\/wp\/v2\/media?parent=174"}],"curies":[{"name":"wp","href":"https:\/\/api.w.org\/{rel}","templated":true}]}}